{"id":13,"date":"2020-08-31T10:57:27","date_gmt":"2020-08-31T10:57:27","guid":{"rendered":"http:\/\/localhost:8888\/real_estate\/?page_id=13"},"modified":"2022-11-12T13:56:36","modified_gmt":"2022-11-12T13:56:36","slug":"about","status":"publish","type":"page","link":"https:\/\/luxuryrealestate.ch\/en\/about\/","title":{"rendered":"About"},"content":{"rendered":"<p>LUXURY REAL ESTATE GROUP est une soci\u00e9t\u00e9 immobili\u00e8re bas\u00e9e \u00e0 Montreux en Suisse qui est sp\u00e9cialis\u00e9e dans le d\u00e9veloppement et la construction de promotions immobili\u00e8res dans toute la Suisse romande. Nous sommes cr\u00e9ateurs de r\u00e9sidences de qualit\u00e9s dans les lieux les plus strat\u00e9giques de Suisse romande. Notre portefeuille est diversifi\u00e9 en termes d&#8217;\u00e9chelle et de caract\u00e8re, passant par des appartements r\u00e9sidentiels, aux maisons familiales et immeubles d&#8217;habitations.<\/p>\n<p>Tous nos projets immobiliers sont con\u00e7us avec soin, refl\u00e9tant notre d\u00e9sir de construire des maisons innovantes qui agissent avec des espaces harmonieux dans lesquels les personnes peuvent prosp\u00e9rer ais\u00e9ment. Les biens immobiliers que nous construisons combinent une philosophie de conception cr\u00e9ative, r\u00e9fl\u00e9chie et intelligente, avec une attention exceptionnelle aux d\u00e9tails et un engagement \u00e0 la fois pour l&#8217;innovation et l&#8217;environnement.<\/p>\n<p>En collaboration avec des consultants de premier plan, des designers d&#8217;int\u00e9rieur et diff\u00e9rents corps de m\u00e9tiers, nous g\u00e9rons la planification, l&#8217;architecture, la technique, l&#8217;approvisionnement, et nous choisissons exclusivement des entreprises de premier ordre.<br \/>\nNous permettons ainsi la progression et le bon d\u00e9veloppement de nos projets immobiliers qui sont m\u00e9ticuleusement r\u00e9fl\u00e9chis d\u00e8s la premi\u00e8re phase d&#8217;\u00e9laboration.<br \/>\nNotre gamme diversifi\u00e9e de services peut \u00eatre adapt\u00e9e \u00e0 vos besoins.\u00a0Nous pouvons prendre un projet de l&#8217;\u00e9valuation \u00e0 la livraison d&#8217;une maison cl\u00e9 en main ou d&#8217;un d\u00e9veloppement immobilier de plusieurs unit\u00e9s.<\/p>\n<p>En dehors de nos propres d\u00e9veloppements immobiliers, nous travaillons avec des partenaires de coentreprises et agissons en tant que gestionnaires de d\u00e9veloppement pour des clients priv\u00e9s, des investisseurs et des gestionnaires d&#8217;actifs.<\/p>\n<p>Que vous recherchiez un investissement ou que vous souhaitiez construire une maison au-del\u00e0 de vos attentes, Luxury Real Estate Group poss\u00e8de la connaissance et l&#8217;exp\u00e9rience n\u00e9cessaire \u00e0 la construction de votre bien immobilier.<\/p>\n<p>Avec plus de 15 ans d&#8217;exp\u00e9rience dans ce domaine par le biais de diff\u00e9rentes entreprises immobili\u00e8res nous b\u00e9n\u00e9ficions d&#8217;une excellente exp\u00e9rience dans la compr\u00e9hension du march\u00e9 immobilier Suisse romand, ceci nous donnant la capacit\u00e9 d&#8217;ajouter une valeur significative \u00e0 n&#8217;importe quel objet immobilier g\u00e9r\u00e9 par notre soci\u00e9t\u00e9.<\/p>\n<p><a class=\"button\" href=\"https:\/\/lr.alitvinov.in.ua\/fr\/contact\/\">NOUS CONTACTER<\/a><\/p>\n<p>&nbsp;<\/p>\n","protected":false},"excerpt":{"rendered":"<p>LUXURY REAL ESTATE GROUP est une soci\u00e9t\u00e9 immobili\u00e8re bas\u00e9e \u00e0 Montreux en Suisse qui est sp\u00e9cialis\u00e9e dans le d\u00e9veloppement et la construction de promotions immobili\u00e8res dans toute la Suisse romande. Nous sommes cr\u00e9ateurs de r\u00e9sidences de qualit\u00e9s dans les lieux les plus strat\u00e9giques de Suisse romande. Notre portefeuille est diversifi\u00e9 en termes d&#8217;\u00e9chelle et de [&hellip;]<\/p>\n","protected":false},"author":1,"featured_media":0,"parent":0,"menu_order":11,"comment_status":"closed","ping_status":"closed","template":"page-about.php","meta":{"_acf_changed":false,"footnotes":""},"class_list":["post-13","page","type-page","status-publish","hentry"],"acf":[],"yoast_head":"<!-- This site is optimized with the Yoast SEO plugin v27.3 - https:\/\/yoast.com\/product\/yoast-seo-wordpress\/ -->\n<title>About - Luxury Real Estate<\/title>\n<meta name=\"robots\" content=\"index, follow, max-snippet:-1, max-image-preview:large, max-video-preview:-1\" \/>\n<link rel=\"canonical\" href=\"https:\/\/luxuryrealestate.ch\/en\/about\/\" \/>\n<meta property=\"og:locale\" content=\"en_US\" \/>\n<meta property=\"og:type\" content=\"article\" \/>\n<meta property=\"og:title\" content=\"About - Luxury Real Estate\" \/>\n<meta property=\"og:description\" content=\"LUXURY REAL ESTATE GROUP est une soci\u00e9t\u00e9 immobili\u00e8re bas\u00e9e \u00e0 Montreux en Suisse qui est sp\u00e9cialis\u00e9e dans le d\u00e9veloppement et la construction de promotions immobili\u00e8res dans toute la Suisse romande. Nous sommes cr\u00e9ateurs de r\u00e9sidences de qualit\u00e9s dans les lieux les plus strat\u00e9giques de Suisse romande. Notre portefeuille est diversifi\u00e9 en termes d&#8217;\u00e9chelle et de [&hellip;]\" \/>\n<meta property=\"og:url\" content=\"https:\/\/luxuryrealestate.ch\/en\/about\/\" \/>\n<meta property=\"og:site_name\" content=\"Luxury Real Estate\" \/>\n<meta property=\"article:modified_time\" content=\"2022-11-12T13:56:36+00:00\" \/>\n<meta name=\"twitter:card\" content=\"summary_large_image\" \/>\n<meta name=\"twitter:label1\" content=\"Est. reading time\" \/>\n\t<meta name=\"twitter:data1\" content=\"2 minutes\" \/>\n<script type=\"application\/ld+json\" class=\"yoast-schema-graph\">{\"@context\":\"https:\\\/\\\/schema.org\",\"@graph\":[{\"@type\":\"WebPage\",\"@id\":\"https:\\\/\\\/luxuryrealestate.ch\\\/en\\\/about\\\/\",\"url\":\"https:\\\/\\\/luxuryrealestate.ch\\\/en\\\/about\\\/\",\"name\":\"About - Luxury Real Estate\",\"isPartOf\":{\"@id\":\"https:\\\/\\\/luxuryrealestate.ch\\\/en\\\/#website\"},\"datePublished\":\"2020-08-31T10:57:27+00:00\",\"dateModified\":\"2022-11-12T13:56:36+00:00\",\"breadcrumb\":{\"@id\":\"https:\\\/\\\/luxuryrealestate.ch\\\/en\\\/about\\\/#breadcrumb\"},\"inLanguage\":\"en-US\",\"potentialAction\":[{\"@type\":\"ReadAction\",\"target\":[\"https:\\\/\\\/luxuryrealestate.ch\\\/en\\\/about\\\/\"]}]},{\"@type\":\"BreadcrumbList\",\"@id\":\"https:\\\/\\\/luxuryrealestate.ch\\\/en\\\/about\\\/#breadcrumb\",\"itemListElement\":[{\"@type\":\"ListItem\",\"position\":1,\"name\":\"Home\",\"item\":\"https:\\\/\\\/luxuryrealestate.ch\\\/en\\\/\"},{\"@type\":\"ListItem\",\"position\":2,\"name\":\"About\"}]},{\"@type\":\"WebSite\",\"@id\":\"https:\\\/\\\/luxuryrealestate.ch\\\/en\\\/#website\",\"url\":\"https:\\\/\\\/luxuryrealestate.ch\\\/en\\\/\",\"name\":\"Luxury Real Estate\",\"description\":\"Switzerland\u2019s top luxury real estate development company\",\"publisher\":{\"@id\":\"https:\\\/\\\/luxuryrealestate.ch\\\/en\\\/#organization\"},\"potentialAction\":[{\"@type\":\"SearchAction\",\"target\":{\"@type\":\"EntryPoint\",\"urlTemplate\":\"https:\\\/\\\/luxuryrealestate.ch\\\/en\\\/?s={search_term_string}\"},\"query-input\":{\"@type\":\"PropertyValueSpecification\",\"valueRequired\":true,\"valueName\":\"search_term_string\"}}],\"inLanguage\":\"en-US\"},{\"@type\":\"Organization\",\"@id\":\"https:\\\/\\\/luxuryrealestate.ch\\\/en\\\/#organization\",\"name\":\"Luxury Real Estate Group\",\"url\":\"https:\\\/\\\/luxuryrealestate.ch\\\/en\\\/\",\"logo\":{\"@type\":\"ImageObject\",\"inLanguage\":\"en-US\",\"@id\":\"https:\\\/\\\/luxuryrealestate.ch\\\/en\\\/#\\\/schema\\\/logo\\\/image\\\/\",\"url\":\"https:\\\/\\\/luxuryrealestate.ch\\\/wp-content\\\/uploads\\\/2021\\\/03\\\/11.02.jpg\",\"contentUrl\":\"https:\\\/\\\/luxuryrealestate.ch\\\/wp-content\\\/uploads\\\/2021\\\/03\\\/11.02.jpg\",\"width\":998,\"height\":998,\"caption\":\"Luxury Real Estate Group\"},\"image\":{\"@id\":\"https:\\\/\\\/luxuryrealestate.ch\\\/en\\\/#\\\/schema\\\/logo\\\/image\\\/\"},\"sameAs\":[\"https:\\\/\\\/www.instagram.com\\\/luxuryrealestategroup_\\\/\",\"https:\\\/\\\/www.linkedin.com\\\/company\\\/luxury-real-estate-group-ch\\\/?viewAsMember=true\",\"https:\\\/\\\/www.youtube.com\\\/channel\\\/UC4HWJOdovkqoiX5-CbBphqg\"]}]}<\/script>\n<!-- \/ Yoast SEO plugin. -->","yoast_head_json":{"title":"About - Luxury Real Estate","robots":{"index":"index","follow":"follow","max-snippet":"max-snippet:-1","max-image-preview":"max-image-preview:large","max-video-preview":"max-video-preview:-1"},"canonical":"https:\/\/luxuryrealestate.ch\/en\/about\/","og_locale":"en_US","og_type":"article","og_title":"About - Luxury Real Estate","og_description":"LUXURY REAL ESTATE GROUP est une soci\u00e9t\u00e9 immobili\u00e8re bas\u00e9e \u00e0 Montreux en Suisse qui est sp\u00e9cialis\u00e9e dans le d\u00e9veloppement et la construction de promotions immobili\u00e8res dans toute la Suisse romande. Nous sommes cr\u00e9ateurs de r\u00e9sidences de qualit\u00e9s dans les lieux les plus strat\u00e9giques de Suisse romande. Notre portefeuille est diversifi\u00e9 en termes d&#8217;\u00e9chelle et de [&hellip;]","og_url":"https:\/\/luxuryrealestate.ch\/en\/about\/","og_site_name":"Luxury Real Estate","article_modified_time":"2022-11-12T13:56:36+00:00","twitter_card":"summary_large_image","twitter_misc":{"Est. reading time":"2 minutes"},"schema":{"@context":"https:\/\/schema.org","@graph":[{"@type":"WebPage","@id":"https:\/\/luxuryrealestate.ch\/en\/about\/","url":"https:\/\/luxuryrealestate.ch\/en\/about\/","name":"About - Luxury Real Estate","isPartOf":{"@id":"https:\/\/luxuryrealestate.ch\/en\/#website"},"datePublished":"2020-08-31T10:57:27+00:00","dateModified":"2022-11-12T13:56:36+00:00","breadcrumb":{"@id":"https:\/\/luxuryrealestate.ch\/en\/about\/#breadcrumb"},"inLanguage":"en-US","potentialAction":[{"@type":"ReadAction","target":["https:\/\/luxuryrealestate.ch\/en\/about\/"]}]},{"@type":"BreadcrumbList","@id":"https:\/\/luxuryrealestate.ch\/en\/about\/#breadcrumb","itemListElement":[{"@type":"ListItem","position":1,"name":"Home","item":"https:\/\/luxuryrealestate.ch\/en\/"},{"@type":"ListItem","position":2,"name":"About"}]},{"@type":"WebSite","@id":"https:\/\/luxuryrealestate.ch\/en\/#website","url":"https:\/\/luxuryrealestate.ch\/en\/","name":"Luxury Real Estate","description":"Switzerland\u2019s top luxury real estate development company","publisher":{"@id":"https:\/\/luxuryrealestate.ch\/en\/#organization"},"potentialAction":[{"@type":"SearchAction","target":{"@type":"EntryPoint","urlTemplate":"https:\/\/luxuryrealestate.ch\/en\/?s={search_term_string}"},"query-input":{"@type":"PropertyValueSpecification","valueRequired":true,"valueName":"search_term_string"}}],"inLanguage":"en-US"},{"@type":"Organization","@id":"https:\/\/luxuryrealestate.ch\/en\/#organization","name":"Luxury Real Estate Group","url":"https:\/\/luxuryrealestate.ch\/en\/","logo":{"@type":"ImageObject","inLanguage":"en-US","@id":"https:\/\/luxuryrealestate.ch\/en\/#\/schema\/logo\/image\/","url":"https:\/\/luxuryrealestate.ch\/wp-content\/uploads\/2021\/03\/11.02.jpg","contentUrl":"https:\/\/luxuryrealestate.ch\/wp-content\/uploads\/2021\/03\/11.02.jpg","width":998,"height":998,"caption":"Luxury Real Estate Group"},"image":{"@id":"https:\/\/luxuryrealestate.ch\/en\/#\/schema\/logo\/image\/"},"sameAs":["https:\/\/www.instagram.com\/luxuryrealestategroup_\/","https:\/\/www.linkedin.com\/company\/luxury-real-estate-group-ch\/?viewAsMember=true","https:\/\/www.youtube.com\/channel\/UC4HWJOdovkqoiX5-CbBphqg"]}]}},"_links":{"self":[{"href":"https:\/\/luxuryrealestate.ch\/en\/wp-json\/wp\/v2\/pages\/13","targetHints":{"allow":["GET"]}}],"collection":[{"href":"https:\/\/luxuryrealestate.ch\/en\/wp-json\/wp\/v2\/pages"}],"about":[{"href":"https:\/\/luxuryrealestate.ch\/en\/wp-json\/wp\/v2\/types\/page"}],"author":[{"embeddable":true,"href":"https:\/\/luxuryrealestate.ch\/en\/wp-json\/wp\/v2\/users\/1"}],"replies":[{"embeddable":true,"href":"https:\/\/luxuryrealestate.ch\/en\/wp-json\/wp\/v2\/comments?post=13"}],"version-history":[{"count":39,"href":"https:\/\/luxuryrealestate.ch\/en\/wp-json\/wp\/v2\/pages\/13\/revisions"}],"predecessor-version":[{"id":3850,"href":"https:\/\/luxuryrealestate.ch\/en\/wp-json\/wp\/v2\/pages\/13\/revisions\/3850"}],"wp:attachment":[{"href":"https:\/\/luxuryrealestate.ch\/en\/wp-json\/wp\/v2\/media?parent=13"}],"curies":[{"name":"wp","href":"https:\/\/api.w.org\/{rel}","templated":true}]}}